{"id":1530,"date":"2018-05-26T16:20:02","date_gmt":"2018-05-26T14:20:02","guid":{"rendered":"http:\/\/botofox.de\/handmade-fotobox-marburg\/?page_id=1530"},"modified":"2024-11-14T16:57:20","modified_gmt":"2024-11-14T15:57:20","slug":"allgemeine-geschaeftsbedingungen","status":"publish","type":"page","link":"https:\/\/botofox.de\/handmade-fotobox-marburg\/allgemeine-geschaeftsbedingungen\/","title":{"rendered":"Allgemeine Gesch\u00e4ftsbedingungen"},"content":{"rendered":"<p>Allgemeine Gesch\u00e4ftsbedingungen (AGB) botofox.de \/ Miete Fotobox\/Videobox<br \/>\nFassung vom 01.06.2018<\/p>\n<h3 id=\"dsg-general-purpose\">\u00a71 Geltung und Vertragsabschluss<\/h3>\n<p>1. Die nachfolgenden Allgemeinen Gesch\u00e4ftsbedingungen (AGB) gelten f\u00fcr die Vermietung einer Fotobox und\/oder einer Videobox, sowie dazugeh\u00f6riger Gegenst\u00e4nde durch und \u00fcber botofox.de (Sebastian Rauch, Oberer Ohmweg 1a, 35274 Kirchhain).<\/p>\n<p>2. Sie gelten als vereinbart, wenn der Kunde sie zur Kenntnis nimmt, oder ihnen nicht umgehend widerspricht, sp\u00e4testens aber mit der Annahme des Angebots bzw. mit der Entgegennahme der Leistung. Abweichende Gesch\u00e4ftsbedingungen des Kunden erlangen keine G\u00fcltigkeit, es sei denn, der Anbieter erkennt diese schriftlich an. \u00c4nderungen oder Erg\u00e4nzungen dieser AGB bed\u00fcrfen der Schriftform und m\u00fcssen als solche ausdr\u00fccklich gekennzeichnet sein. Haben die Vertragsparteien abweichende Vereinbarungen getroffen, welche schriftlich niedergelegt wurden, so gehen diese den vorliegenden AGB vor.<\/p>\n<p>3. Ein Vertrag kommt grunds\u00e4tzlich mit der Annahme des Angebots des Anbieters durch den Kunden zustande. Die Annahme des Angebots kann schriftlich (z.B. Email) oder m\u00fcndlich (z.B. telefonisch oder im pers\u00f6nlichen Gespr\u00e4ch) erfolgen. Ein Vertrag kommt erst mit einer Auftragsbest\u00e4tigung zustande.<\/p>\n<h3 id=\"dsg-general-purpose\">\u00a72 Leistung<\/h3>\n<p>1. Der Anbieter erbringt ausschlie\u00dflich Leistungen im Bereich digitaler Aufzeichnungen und Reproduktion von Bildaufnahmen. Art, Ort, Zeit und Umfang der zu erbringenden Dienstleistungen sowie spezielle zu ber\u00fccksichtigende Kundenw\u00fcnsche sind in dem jeweiligen Vertrag bestimmt.<\/p>\n<p>2. Der Anbieter erbringt die Leistungen durch die Zurverf\u00fcgungstellung von geeigneten Ger\u00e4ten (Fotobox\/Videobox).<\/p>\n<p>3. Der Anbieter ist berechtigt, Leistungen auch durch Dritte erbringen zu lassen.<\/p>\n<p>4. Einen Erfolg seiner Leistungen im Sinne des Werkvertragsrechts schuldet der Anbieter nicht.<\/p>\n<h3 id=\"dsg-general-purpose\">\u00a73 Mitwirkungspflicht des Kunden<\/h3>\n<p>1. Der Kunde wird den Anbieter bei der Erbringung seiner Leistungen in erforderlicher und angemessener Weise unterst\u00fctzen. Der Kunde duldet den Zugang zum Aufstellungsort der Ger\u00e4te und den Aufenthalt des Anbieters w\u00e4hrend des Auf- und Abbaus der Ger\u00e4te.<\/p>\n<p>2. Sollen die Ger\u00e4te in R\u00e4umlichkeiten Dritter verwendet werden, sorgt der Kunde im Vorhinein f\u00fcr eine entsprechende Duldung des Dritten, die dem Anbieter angezeigt wird. Die Kosten f\u00fcr notwendige Genehmigungen zur Anfahrt (z.B. Einfahrt Messegel\u00e4nde) sowie evtl. Eintrittskosten oder notwendige Ausweise sind vom Auftraggeber zu tragen und dem Vermieter rechtzeitig zur Verf\u00fcgung zu stellen.<\/p>\n<p>3. F\u00fcr geeignete Stromquellen und die entstehenden Kosten der Stromentnahme ist der Kunde verantwortlich.<\/p>\n<p>4. Der Mietgegenstand darf nur am vereinbarten Ort, in wind- und wettergesch\u00fctzten, geschlossenen R\u00e4umen betrieben werden. Er darf nach dem Aufbau durch den Anbieter nicht ortsver\u00e4ndert werden.<\/p>\n<p>5. Es ist umgehend polizeiliche Anzeige zu erstatten und der Vermieter zu benachrichtigen, sofern der Mietgegenstand entwendet wurde.<\/p>\n<p>6. Auf die aufgestellten Ger\u00e4te als m\u00f6gliche Gefahrenquelle werden die Teilnehmer vom Kunden ausdr\u00fccklich am Veranstaltungsort hingewiesen, ebenso wie darauf, dass die Teilnehmer mit der Nutzung der Aufnahmeger\u00e4te ihre Einwilligung zur Ver\u00f6ffentlichung ihres Fotos gem\u00e4\u00df Ziff. 4.1. geben.<\/p>\n<h3 id=\"dsg-general-purpose\">\u00a74 Nutzungsrechte und \u2013arten<\/h3>\n<p>1. Der Vermieter \u00fcbertr\u00e4gt jeweils ein einfaches Nutzungsrecht an den Fotos auf den Mieter. Dieses beinhaltet ausschlie\u00dflich die private, nicht kommerzielle Nutzung. Jede Ver\u00e4nderung, Weiterbearbeitung (z.B. durch Foto-Composing, Montage oder durch elektronische Hilfsmittel zur Erstellung eines neuen urheberrechtlich gesch\u00fctzten Werkes) der gelieferten Fotos bedarf der ausdr\u00fccklichen Genehmigung durch den Vermieter. Selbiges gilt f\u00fcr die Weitergabe von Nutzungsrechten an Dritte, welche dem Mieter grunds\u00e4tzlich nicht gestattet ist. Eine kommerzielle\/gewerbliche Nutzung der Lichtbildwerke im Nachhinein \u2013 gleich welcher Form vorliegend \u2013 durch den Mieter selbst oder durch Dritte kann nur mit vorhergehender<br \/>\nschriftlicher Zustimmung des Vermieters erfolgen. Dies gilt auch f\u00fcr Bilddateien, welche durch den Mieter oder durch Dritte digital oder anderweitig ver\u00e4ndert bzw. verfremdet wurden. Die zu \u00fcbertragenden Nutzungsrechte gehen erst nach vollst\u00e4ndiger Bezahlung des vereinbarten Honorars wie vereinbart \u00fcber. Der Erwerb der Nutzungsrechte \u00fcber das fotografische Urheberrecht hinaus, liegt bei dem Mieter. Somit haftet botofox.de nicht f\u00fcr die Verletzung der Bild- und Urheberrechte Dritter. F\u00fcr Ver\u00f6ffentlichungen wie beispielsweise in der zur Verf\u00fcgung gestellten Onlinegalerie ist der Auftraggeber verantwortlich.<\/p>\n<p>2. Durch die Nutzung der Fotobox\/Videobox r\u00e4umen die Veranstaltungsteilnehmer dem Anbieter und dem Kunden ein widerrufliches, nicht \u00fcbertragbares, weltweit g\u00fcltiges, dauerhaftes Recht ein, das jeweils angefertigte Bild, insbesondere auf den vom Anbieter und\/oder Kunden betriebenen Internetseiten und Seiten von sozialen Netzwerken des Anbieters (z.B. Instagram, Facebook) und\/oder des Kunden \u00f6ffentlich zug\u00e4nglich zu machen.<\/p>\n<p>3. Die Veranstaltungsteilnehmer k\u00f6nnen schriftlich der vorgenannten Nutzung ihres eigenen Bildes jederzeit insgesamt oder teilweise f\u00fcr die Zukunft widersprechen, jedoch keinen Schadensersatz fordern. Andere Kosten als die \u00dcbermittlungskosten nach den Basistarifen entstehen durch einen solchen Widerruf nicht.<\/p>\n<h3 id=\"dsg-general-purpose\">\u00a75 Verg\u00fctung<\/h3>\n<p>1. Es gilt die vereinbarte Verg\u00fctung gem\u00e4\u00df Angebot.<\/p>\n<p>2. Die Verg\u00fctung des Anbieters erfolgt durch Barzahlung am Veranstaltungstag oder am Tag des Abbaus. Wurde mit dem Kunden eine abweichende Zahlungsart schriftlich vereinbart, so ist der Anbieter berechtigt, eine angemessene Anzahlung bis zu 50% der vereinbarten bei Abschluss des Vertrages gegen Rechnung zu verlangen. Wird die Anzahlung nicht binnen 14 Tagen nach Rechnungsstellung bezahlt, ist der Anbieter zur K\u00fcndigung des Vertrages berechtigt.<\/p>\n<p>3. Die Verg\u00fctung ist das Entgelt f\u00fcr die vereinbarte Leistung nach Zeitaufwand soweit nicht anders vertraglich geregelt wurde. Zus\u00e4tzliches Verbrauchsmaterial wie Fotopapier o.\u00e4. wird gesondert nach Verbrauch berechnet.<\/p>\n<p>4. Besch\u00e4digte, fehlende oder durch Verschmutzung unbrauchbar gewordene Standardrequisiten (z.B. Brillen oder Per\u00fccken) werden mit 5,00\u20ac pro Gegenstand, h\u00f6herwertige Requisiten (z.B. H\u00fcte o.\u00e4.) werden mit dem individuellen Anschaffungswert berechnet. Hiervon ausgenommen sind Papprequisiten die an Holzsticks befestigt sind. Sollte aufgrund starker Verschmutzung eine Reinigung der Vorh\u00e4nge des Hintergrundsystems erforderlich sein, werden die Reinigungskosten gesondert berechnet.<\/p>\n<p>5. Eine Rechnungstellung der Verg\u00fctung ist nur f\u00fcr gewerblich eingetragene Unternehmen (Nachweis erforderlich) m\u00f6glich. Die Rechnung ist vom Kunden innerhalb von 14 Tagen ohne Abzug an den Anbieter zu zahlen. Einer Mahnung bedarf es f\u00fcr die Inverzugsetzung des Schuldners nicht.<\/p>\n<p>6. Soweit nicht ausdr\u00fccklich anders schriftlich vereinbart, sind in Angeboten und Auftragsbest\u00e4tigungen genannte Gesamtpreise und\/oder Zeit(dauer)angaben unverbindliche Sch\u00e4tzungen, die auf den Kundenangaben beruhen. Soweit sich die Zeitdauer und die Nebenkosten ver\u00e4ndern, ist der Anbieter zur Nachberechnung berechtigt und der Kunde zur Zahlung auch der Nachberechnung verpflichtet.<\/p>\n<p>7. Ergeben sich durch Verschiebung von Anfangs- und Endzeiten von Kundenveranstaltungen Mehrzeiten oder ergeben sich zus\u00e4tzliche (Warte-)Zeiten, so ist der Kunde verpflichtet, diese nachzuberechnenden Zeiten zu bezahlen.<\/p>\n<p>8. Sollte die Verg\u00fctung nicht sp\u00e4testens am Tag des Abbaus erbracht werden, bedarf es keiner gesonderten Mahnung f\u00fcr die Inverzugsetzung des Schuldners.<\/p>\n<h3 id=\"dsg-general-purpose\">\u00a76 K\u00fcndigung durch Kunden<\/h3>\n<p>1. K\u00fcndigt der Kunde den mit dem Anbieter geschlossenen Vertrag vor der Erbringung der Dienstleistung gilt Folgendes:<\/p>\n<p>Die Verg\u00fctung gem\u00e4\u00df Ziff. 5.1. ist zahlbar und f\u00e4llig bei einer K\u00fcndigung<\/p>\n<p>&#8211; bis 8 Wochen vorher in H\u00f6he von 20%<br \/>\n&#8211; bis 6 Wochen vorher in H\u00f6he von 25%<br \/>\n&#8211; bis 4 Wochen vorher in H\u00f6he von 30%<br \/>\n&#8211; bis 2 Wochen vorher in H\u00f6he von 50%<\/p>\n<p>2. innerhalb der letzten zwei Wochen in voller H\u00f6he.<\/p>\n<p>3. Vertragliche Kundenw\u00fcnsche (Sonderleistungen, Sonderanfertigungen) sind stets in voller H\u00f6he zu zahlen, soweit der Anbieter deren Erbringung nachweisen kann.<\/p>\n<h3 id=\"dsg-general-purpose\">\u00a77 Leistungsst\u00f6rung<\/h3>\n<p>1. Soweit sich Leistungsst\u00f6rungen aus Gr\u00fcnden ergeben, die auf mangelnden Mitwirkungspflichten des Kunden beruhen oder durch deren Veranstaltungsteilnehmer veranlasst sind, bleiben die Anspr\u00fcche des Anbieters aus dem Vertrag unber\u00fchrt.<\/p>\n<p>2. Beruhen Leistungsst\u00f6rungen auf technischen Problemen, so bem\u00fcht sich der Anbieter um schnellstm\u00f6gliche Beseitigung. Sollte dieses nach Einsch\u00e4tzung des Anbieters nicht m\u00f6glich sein, wird die erbrachte Leistung abgerechnet; eine Nacherf\u00fcllung entf\u00e4llt. Eine Mangelbeseitigung durch den Kunden ist ausgeschlossen.<\/p>\n<p>3. Der Anbieter ist zur sofortigen Wegnahme seiner Ger\u00e4te berechtigt, wenn ihm aus wichtigem Grund durch Verschulden des Kunden oder dessen Veranstaltungsteilnehmer ein Verbleib nicht bis zum Ende der Veranstaltungszeit zugemutet werden kann. Ein wichtiger Grund liegt insbesondere vor, wenn der Kunde oder die Veranstaltungsteilnehmer die Ger\u00e4te nicht ordnungsgem\u00e4\u00df und nach Anweisung des Anbieters gebrauchen oder die Ger\u00e4te erheblich gef\u00e4hrdet sind. Verg\u00fctungsanspr\u00fcche bleiben unber\u00fchrt.<\/p>\n<h3 id=\"dsg-general-purpose\">\u00a78 Haftung \/ Gefahr\u00fcbergang<\/h3>\n<p>1. Die Gefahr geht mit der Lieferung der Fotobox\/Videobox an den Mieter \u00fcber.<\/p>\n<p>2. Der Anbieter \u00fcbernimmt keine Haftung f\u00fcr die Verletzung von Rechten abgebildeter Personen oder Objekte. Der Erwerb von Nutzungsrechten \u00fcber die in Ziff. 4.1. genannten hinaus, obliegt dem Kunden. Der Kunde ist ab dem Zeitpunkt der ordnungsgem\u00e4\u00dfen Ausgabe des Bildmaterials f\u00fcr dessen sachgem\u00e4\u00dfe Verwendung verantwortlich.<\/p>\n<p>3. Jegliche Schadensersatzanspr\u00fcche gegen den Anbieter sind soweit gesetzlich m\u00f6glich ausgeschlossen. Im Falle einfacher Fahrl\u00e4ssigkeit haftet der Anbieter nur bei Verletzung wesentlicher Vertragspflichten oder von Leben, K\u00f6rper oder Gesundheit einer Person. Die Haftungserleichterung gilt auch f\u00fcr das Verschulden von Erf\u00fcllungsgehilfen im Sinne von \u00a7278 BGB. Die Haftung f\u00fcr Folgesch\u00e4den ist im Falle der einfachen Fahrl\u00e4ssigkeit, mit Ausnahme von Lebens-, K\u00f6rper oder Gesundheitssch\u00e4den auf die H\u00f6he der vertragsm\u00e4\u00dfigen Verg\u00fctung beschr\u00e4nkt.<\/p>\n<p>4. Der Anbieter \u00fcbernimmt keine Haftung mit der Erbringung der vertraglichen Leistung f\u00fcr den vom Kunden bezweckten Erfolg.<\/p>\n<p>5. Der Anbieter \u00fcbernimmt keine Haftung f\u00fcr das gespeicherte Bildmaterial.<\/p>\n<p>6. Der Kunde haftet f\u00fcr alle von ihm vertretenden Sch\u00e4den, die w\u00e4hrend der Mietzeit an der angemieteten Fotobox\/Videobox und der Ausr\u00fcstung entstehen. Bei Sch\u00e4den haftet er nach gesetzlichen Bestimmungen, also insbesondere f\u00fcr:<\/p>\n<p>a. Die erforderlichen Reparaturkosten, deren H\u00f6he auch durch Sachverst\u00e4ndigengutachten bestimmt werden kann<br \/>\nb. Bei Totalschaden oder Diebstahl ist der volle Kaufpreis zzgl. gesetzlicher MwSt. von derzeit 19 % zu erstatten<br \/>\nc. Bergungs-und R\u00fcckf\u00fchrungskosten<br \/>\nd. Gutachterkosten<br \/>\ne. Wertminderung<br \/>\nf. Dem Vermieter entstehende Ausfallkosten f\u00fcr die Dauer der Reparatur, bei Totalschaden f\u00fcr die angemessene Wiederbeschaffungsdauer<br \/>\ng. S\u00e4mtliche Nebenkosten der Schadensbeseitigung<\/p>\n<p>7. Es besteht grunds\u00e4tzlich keine Haftpflicht- und\/oder Kaskoversicherung f\u00fcr die angemietete Fotobox\/Videobox durch den Vermieter. Es ist vom Kunden zu pr\u00fcfen, ob und in welchem Umfang die Fotobox\/Videobox durch die private Haftpflichtversicherung des Kunden oder die Betriebshaftpflicht bei Firmen die Haftung \u00fcbernimmt.<\/p>\n<p>8. Ein berechtigter Anspruch auf Schadensersatz durch den Mieter beschr\u00e4nkt sich in der H\u00f6he auf die anteilige Dauer der Nichttauglichkeit der Mietsache, jedoch h\u00f6chstens den Mietpreis. Weitere, dar\u00fcber hinaus gehende Anspr\u00fcche des Mieters sind ausgeschlossen. Alle Haftungsbeschr\u00e4nkungen des Vermieters gelten auch gegen\u00fcber Dritten.<\/p>\n<h3 id=\"dsg-general-purpose\">\u00a79 Datenschutz<\/h3>\n<p>1. Bei Anbahnung, Abschluss und R\u00fcckabwicklung eines Mietvertrages werden vom Anbieter Daten im Rahmen der gesetzlichen Bestimmungen erhoben, gespeichert und verarbeitet.<br \/>\n2. Die Personenbezogenen Daten, die der Mieter z.B. bei einer Bestellung per E-Mail oder \u00fcber das Kontaktformular auf botofox.de mitteilt (z.B. Name und Kontaktdaten), werden nur zur Korrespondenz mit dem Mieter und nur f\u00fcr den Zweck verarbeitet, zu dem der Mieter die Daten zur Verf\u00fcgung gestellt hat.<br \/>\n3. Der Anbieter versichert, dass er die personenbezogenen Daten nicht an Dritte weitergibt, es sei denn, dass er dazu gesetzlich verpflichtet ist, oder der Mieter vorher ausdr\u00fccklich eingewilligt hat. Soweit der Anbieter zur Durchf\u00fchrung und Abwicklung von Verarbeitungsprozessen Dienstleistungen Dritter in Anspruch nimmt, werden die Bestimmungen der DSGVO (EU-Datenschutzgrundverordnung) eingehalten. Weiterf\u00fchrende Informationen sind der <a href=\"https:\/\/botofox.de\/handmade-fotobox-marburg\/datenschutzerklaerung\/\">Datenschutzerkl\u00e4rung<\/a> auf botofox.de zu entnehmen.<\/p>\n<h3 id=\"dsg-general-purpose\">\u00a710 Abschlie\u00dfende Regelungen<\/h3>\n<p>1. Es gilt ausschlie\u00dflich deutsches Recht. Gegen\u00fcber einem Verbraucher gilt diese Rechtswahl nur insoweit, als dadurch keine zwingenden gesetzlichen Bestimmungen des Staates, in dem er seinen Wohnsitz oder gew\u00f6hnlichen Aufenthalt hat, eingeschr\u00e4nkt werden.<br \/>\n2. Die Abtretung von Forderungen aus diesem Vertrag k\u00f6nnen nur nach vorheriger schriftlicher Zustimmung von botofox.de ber\u00fccksichtigt werden.<br \/>\n3. Sollten einzelne Bestimmungen unwirksam oder undurchf\u00fchrbar sein oder nach Vertragsabschluss unwirksam oder undurchf\u00fchrbar werden, bleibt die Wirksamkeit des Vertrages im \u00dcbrigen unber\u00fchrt. An Stelle der unwirksamen oder undurchf\u00fchrbaren Bestimmungen soll diejenige wirksame Regelung treten, deren Wirkungen der wirtschaftlichen Zielsetzung am n\u00e4chsten kommen, die die Vertragsparteien mit der unwirksamen bzw. undurchf\u00fchrbaren Bestimmung verfolgt haben. Die bevorstehenden Bestimmungen gelten entsprechend f\u00fcr den Fall, dass sich der Vertrag als l\u00fcckenhaft erweist.<\/p>\n","protected":false},"excerpt":{"rendered":"<p>Allgemeine Gesch\u00e4ftsbedingungen (AGB) botofox.de \/ Miete Fotobox\/Videobox Fassung vom 01.06.2018 \u00a71 Geltung und Vertragsabschluss 1. Die nachfolgenden Allgemeinen Gesch\u00e4ftsbedingungen (AGB) gelten f\u00fcr die Vermietung einer Fotobox und\/oder einer Videobox, sowie dazugeh\u00f6riger Gegenst\u00e4nde durch und \u00fcber<a class=\"read-more\" href=\"https:\/\/botofox.de\/handmade-fotobox-marburg\/allgemeine-geschaeftsbedingungen\/\">Continue reading<\/a><\/p>\n","protected":false},"author":1,"featured_media":0,"parent":0,"menu_order":0,"comment_status":"closed","ping_status":"closed","template":"page-templates\/page_fullwidth.php","meta":{"footnotes":""},"class_list":["post-1530","page","type-page","status-publish","hentry"],"_links":{"self":[{"href":"https:\/\/botofox.de\/handmade-fotobox-marburg\/wp-json\/wp\/v2\/pages\/1530","targetHints":{"allow":["GET"]}}],"collection":[{"href":"https:\/\/botofox.de\/handmade-fotobox-marburg\/wp-json\/wp\/v2\/pages"}],"about":[{"href":"https:\/\/botofox.de\/handmade-fotobox-marburg\/wp-json\/wp\/v2\/types\/page"}],"author":[{"embeddable":true,"href":"https:\/\/botofox.de\/handmade-fotobox-marburg\/wp-json\/wp\/v2\/users\/1"}],"replies":[{"embeddable":true,"href":"https:\/\/botofox.de\/handmade-fotobox-marburg\/wp-json\/wp\/v2\/comments?post=1530"}],"version-history":[{"count":8,"href":"https:\/\/botofox.de\/handmade-fotobox-marburg\/wp-json\/wp\/v2\/pages\/1530\/revisions"}],"predecessor-version":[{"id":17618,"href":"https:\/\/botofox.de\/handmade-fotobox-marburg\/wp-json\/wp\/v2\/pages\/1530\/revisions\/17618"}],"wp:attachment":[{"href":"https:\/\/botofox.de\/handmade-fotobox-marburg\/wp-json\/wp\/v2\/media?parent=1530"}],"curies":[{"name":"wp","href":"https:\/\/api.w.org\/{rel}","templated":true}]}}