{"id":146,"date":"2018-03-14T00:00:35","date_gmt":"2018-03-13T23:00:35","guid":{"rendered":"http:\/\/botofox.de\/?page_id=146"},"modified":"2020-10-02T12:35:09","modified_gmt":"2020-10-02T10:35:09","slug":"ablauf","status":"publish","type":"page","link":"https:\/\/botofox.de\/handmade-fotobox-marburg\/ablauf\/","title":{"rendered":"Ablauf"},"content":{"rendered":"<p>&nbsp;<\/p>\n<ol>\n<li>Senden Sie mir \u00fcber das <a href=\"http:\/\/botofox.de\/kontakt\/\">Kontaktformular<\/a> eine unverbindliche Anfrage, ob Boto Fox an dem von Ihnen gew\u00fcnschten Datum verf\u00fcgbar ist. Sie k\u00f6nnen hier auch offene\u00a0Fragen stellen oder weitere W\u00fcnsche nennen.<\/li>\n<p>&nbsp;<\/p>\n<li>Sie erhalten schnellstm\u00f6glich eine Antwort, ob Boto Fox an dem gew\u00fcnschten Datum verf\u00fcgbar ist.<\/li>\n<p>&nbsp;<\/p>\n<li>Antworten Sie einfach auf diese Email, dass Sie Boto Fox verbindlich buchen m\u00f6chten. Sie erhalten dann eine Buchungsbest\u00e4tigung per Email. Die Email enth\u00e4lt zudem auch n\u00fctzliche Informationen, die AGB und den Mietvertrag, den Sie mir unterzeichnet zur\u00fccksenden. Die Zahlung erfolgt sofern nichts anderes vereinbart wurde am Tag der R\u00fcckgabe\/Abholung in bar.<\/li>\n<p>&nbsp;<\/p>\n<li>Lieferung Boto Fox durch mich. In der Regel am Tag Ihrer Veranstaltung. Falls dies nicht m\u00f6glich ist, erfolgt die Lieferung am Vortag.<\/li>\n<p>&nbsp;<\/p>\n<li>Aufbau der Fotobox und ggf. des Hintergrundsystems u\/o Boto Fox Mini durch mich.<\/li>\n<p>&nbsp;<\/p>\n<li>Kurze Einweisung einer verantwortlichen Person durch mich.<\/li>\n<p>&nbsp;<\/p>\n<li><strong>Endlich ist es Zeit zu botofoxen.<\/strong> Sie erhalten meine telefonische Erreichbarkeit, f\u00fcr den Fall, dass doch einmal etwas mit der Technik haken sollte.<\/li>\n<p>&nbsp;<\/p>\n<li>Abbau und Abholung der Fotobox am Tag nach der Veranstaltung durch mich.<\/li>\n<p>&nbsp;<\/p>\n<li>1-2 Tage nach der Veranstaltung erhalten Sie Ihre Fotos in digitaler Form <a href=\"http:\/\/botofox.de\/handmade-fotobox-marburg\/download\/\">hier<\/a> auf botofox.de und als Dropbox-Link zum Download. &#8222;Boto Fox Mini&#8220; ben\u00f6tigt ein paar zus\u00e4tzliche Tage Bearbeitungszeit.<\/li>\n<\/ol>\n","protected":false},"excerpt":{"rendered":"<p>&nbsp; Senden Sie mir \u00fcber das Kontaktformular eine unverbindliche Anfrage, ob Boto Fox an dem von Ihnen gew\u00fcnschten Datum verf\u00fcgbar ist. Sie k\u00f6nnen hier auch offene\u00a0Fragen stellen oder weitere W\u00fcnsche nennen. &nbsp; Sie erhalten schnellstm\u00f6glich<a class=\"read-more\" href=\"https:\/\/botofox.de\/handmade-fotobox-marburg\/ablauf\/\">Continue reading<\/a><\/p>\n","protected":false},"author":1,"featured_media":254,"parent":0,"menu_order":5,"comment_status":"closed","ping_status":"closed","template":"page-templates\/page_fullwidth.php","meta":{"footnotes":""},"class_list":["post-146","page","type-page","status-publish","has-post-thumbnail","hentry"],"_links":{"self":[{"href":"https:\/\/botofox.de\/handmade-fotobox-marburg\/wp-json\/wp\/v2\/pages\/146","targetHints":{"allow":["GET"]}}],"collection":[{"href":"https:\/\/botofox.de\/handmade-fotobox-marburg\/wp-json\/wp\/v2\/pages"}],"about":[{"href":"https:\/\/botofox.de\/handmade-fotobox-marburg\/wp-json\/wp\/v2\/types\/page"}],"author":[{"embeddable":true,"href":"https:\/\/botofox.de\/handmade-fotobox-marburg\/wp-json\/wp\/v2\/users\/1"}],"replies":[{"embeddable":true,"href":"https:\/\/botofox.de\/handmade-fotobox-marburg\/wp-json\/wp\/v2\/comments?post=146"}],"version-history":[{"count":45,"href":"https:\/\/botofox.de\/handmade-fotobox-marburg\/wp-json\/wp\/v2\/pages\/146\/revisions"}],"predecessor-version":[{"id":7110,"href":"https:\/\/botofox.de\/handmade-fotobox-marburg\/wp-json\/wp\/v2\/pages\/146\/revisions\/7110"}],"wp:featuredmedia":[{"embeddable":true,"href":"https:\/\/botofox.de\/handmade-fotobox-marburg\/wp-json\/wp\/v2\/media\/254"}],"wp:attachment":[{"href":"https:\/\/botofox.de\/handmade-fotobox-marburg\/wp-json\/wp\/v2\/media?parent=146"}],"curies":[{"name":"wp","href":"https:\/\/api.w.org\/{rel}","templated":true}]}}